{"id":1224,"date":"2019-07-12T21:22:04","date_gmt":"2019-07-13T00:22:04","guid":{"rendered":"https:\/\/isfd133-bue.infd.edu.ar\/sitio\/?page_id=1224"},"modified":"2019-07-18T20:22:18","modified_gmt":"2019-07-18T23:22:18","slug":"cuerpo-de-delegados-2019","status":"publish","type":"page","link":"https:\/\/isfd133-bue.infd.edu.ar\/sitio\/cuerpo-de-delegados-2019\/","title":{"rendered":"Cuerpo de Delegados 2019"},"content":{"rendered":"<p>Elecci\u00f3n de Delegados realizada entre el 12\/07 al XXX en la Instituci\u00f3n surgieron electos:<\/p>\n<p><strong>Por Primer a\u00f1o del Prof. de Educaci\u00f3n Primaria:<\/strong><\/p>\n<p>Delegada Titular: <em>Milagros Garcia<\/em><\/p>\n<p>Primera Delegada Suplente: Mirna Ramos<\/p>\n<p>Segunda Delegada Suplente: Valeria Candamil<\/p>\n<p><strong>Por Segundo a\u00f1o del Prof. de Educaci\u00f3n Primaria:<\/strong><\/p>\n<p>Delegada Titular:<\/p>\n<p>Primera Delegada Suplente:<\/p>\n<p>Segunda Delegada Suplente:<\/p>\n<p><strong>Por Tercer a\u00f1o del Prof. de Educaci\u00f3n Primaria:<\/strong><\/p>\n<p>Delegada Titular: <em>Julieta Lucero<\/em><\/p>\n<p>Primera Delegada Suplente: Yamila Banegas<\/p>\n<p>Segunda Delegada Suplente: Tamara Amado<\/p>\n<p><strong>Por Segundo a\u00f1o del Prof. de Educaci\u00f3n Inicial:<\/strong><\/p>\n<p>Delegada Titular: <em>Rocio Evans<\/em><\/p>\n<p>Primera Delegada Suplente: Mariana Pinardi<\/p>\n<p>Segunda Delegada Suplente: Maria Tournier<\/p>\n<p><strong>Por Cuarto a\u00f1o del Prof. de Educaci\u00f3n Inicial:<\/strong><\/p>\n<p>Delegada Titular:<\/p>\n<p>Primera Delegada Suplente:<\/p>\n<p>Segunda Delegada Suplente:<\/p>\n<p><strong>Por Primer a\u00f1o de la Tec. Sup. en Administraci\u00f3n General<\/strong><\/p>\n<p>Delegada Titular: <em>Romina Baez<\/em><\/p>\n<p>Primera Delegada Suplente: Liria Fernandez<\/p>\n<p>Segundo Delegado Suplente: Kevin Riscossa<\/p>\n<p><strong>Por Primer a\u00f1o de la Tec. Sup. en\u00a0<\/strong><b>Enfermer\u00eda<\/b><\/p>\n<p>Delegado Titular: <em>Eduardo Matias Grosso<\/em><\/p>\n<p>Primer Delegado Suplente: Tomas Borda<\/p>\n<p>Segunda Delegada Suplente: Victoria Lucero<\/p>\n<p><strong>Por Segundo a\u00f1o de la Tec. Sup. en\u00a0<\/strong><b>Enfermer\u00eda<\/b><\/p>\n<p>Delegado Titular: <em>Laura Escobar<\/em><\/p>\n<p>Primer Delegado Suplente: Giselle Ayala<\/p>\n<p>Segunda Delegada Suplente: Karen Segnorile<\/p>\n<p><strong>Por Tercer a\u00f1o de la Tec. Sup. en\u00a0<\/strong><b>Enfermer\u00eda<\/b><\/p>\n<p>Delegado Titular: Tatiana Abad<\/p>\n<p>Primer Delegado Suplente: Roxana Prado<\/p>\n<p>Segunda Delegada Suplente: David Alifano<\/p>\n","protected":false},"excerpt":{"rendered":"<p>Elecci\u00f3n de Delegados realizada entre el 12\/07 al XXX en la Instituci\u00f3n surgieron electos: Por Primer a\u00f1o del Prof. de Educaci\u00f3n Primaria: Delegada Titular: Milagros Garcia Primera Delegada Suplente: Mirna Ramos Segunda Delegada Suplente: Valeria Candamil Por Segundo a\u00f1o del Prof. de Educaci\u00f3n Primaria: Delegada Titular: Primera Delegada Suplente: Segunda Delegada Suplente: Por Tercer a\u00f1o &#8230; <a title=\"Cuerpo de Delegados 2019\" class=\"read-more\" href=\"https:\/\/isfd133-bue.infd.edu.ar\/sitio\/cuerpo-de-delegados-2019\/\" aria-label=\"More on Cuerpo de Delegados 2019\">[+]<\/a><\/p>\n","protected":false},"author":330,"featured_media":0,"parent":0,"menu_order":0,"comment_status":"closed","ping_status":"closed","template":"","meta":[],"acf":[],"_links":{"self":[{"href":"https:\/\/isfd133-bue.infd.edu.ar\/sitio\/wp-json\/wp\/v2\/pages\/1224"}],"collection":[{"href":"https:\/\/isfd133-bue.infd.edu.ar\/sitio\/wp-json\/wp\/v2\/pages"}],"about":[{"href":"https:\/\/isfd133-bue.infd.edu.ar\/sitio\/wp-json\/wp\/v2\/types\/page"}],"author":[{"embeddable":true,"href":"https:\/\/isfd133-bue.infd.edu.ar\/sitio\/wp-json\/wp\/v2\/users\/330"}],"replies":[{"embeddable":true,"href":"https:\/\/isfd133-bue.infd.edu.ar\/sitio\/wp-json\/wp\/v2\/comments?post=1224"}],"version-history":[{"count":8,"href":"https:\/\/isfd133-bue.infd.edu.ar\/sitio\/wp-json\/wp\/v2\/pages\/1224\/revisions"}],"predecessor-version":[{"id":1227,"href":"https:\/\/isfd133-bue.infd.edu.ar\/sitio\/wp-json\/wp\/v2\/pages\/1224\/revisions\/1227"}],"wp:attachment":[{"href":"https:\/\/isfd133-bue.infd.edu.ar\/sitio\/wp-json\/wp\/v2\/media?parent=1224"}],"curies":[{"name":"wp","href":"https:\/\/api.w.org\/{rel}","templated":true}]}}