{"id":1238,"date":"2019-07-17T20:58:11","date_gmt":"2019-07-17T23:58:11","guid":{"rendered":"https:\/\/isfd133-bue.infd.edu.ar\/sitio\/?page_id=1238"},"modified":"2022-02-11T18:46:16","modified_gmt":"2022-02-11T21:46:16","slug":"inscripcion-es-virtual-a-mesas-de-examenfinal","status":"publish","type":"page","link":"https:\/\/isfd133-bue.infd.edu.ar\/sitio\/inscripcion-es-virtual-a-mesas-de-examenfinal\/","title":{"rendered":"Inscripci\u00f3n virtual a Mesas de Examen &#8211; Per\u00edodo FEBRERO &#8211; MARZO 2022."},"content":{"rendered":"<h2>Ex\u00e1menes finales:<\/h2>\n<p><span style=\"text-decoration: underline;\">Periodo de Inscripci\u00f3n:<\/span> <strong>Lunes 14 hasta\u00a0 el Jueves 17 de Febrero (finaliza a las 22:00 hs) <\/strong>.<\/p>\n<p>En el enlace \u00abMESAS FEB-MAR 2022\u00bb encontraran un archivos con las fechas correspondiente a las mesas de examen final para los llamados correspondientes a este per\u00edodo.<\/p>\n<p>Tambi\u00e9n encontrar\u00e1n en link al formulario de inscripci\u00f3n.<\/p>\n<p><strong>IMPORTANTE:<\/strong> Recordar que para dar de baja la inscripci\u00f3n, la misma deber\u00e1 ser realizada hasta <strong>48 horas antes<\/strong> de la mesa, <strong>SIN EXCEPCI\u00d3N.<\/strong><\/p>\n<p>Antes de inscribirse tener en cuenta:<\/p>\n<ul>\n<li>cursada aprobada.<\/li>\n<li>correlatividades de cada materia seg\u00fan carrera.<\/li>\n<\/ul>\n<p><span style=\"text-decoration: underline;\"><strong>Archivos con mesas de examen final &gt;&gt;&gt;&gt; <\/strong><\/span>\u00a0<strong><a href=\"https:\/\/isfd133-bue.infd.edu.ar\/sitio\/wp-content\/uploads\/2022\/02\/MESAS-FEB-MARZO-DEFINITIVO-2.pdf\" target=\"_blank\" rel=\"noopener\">MESAS FEB-MAR 2022<\/a><\/strong><\/p>\n<p><span style=\"text-decoration: underline;\"><strong>Formulario de inscripci\u00f3n &gt;&gt;&gt;&gt;\u00a0<a href=\"https:\/\/forms.gle\/BRYP54ZsCB44ofbN7\" target=\"_blank\" rel=\"noopener\">INSCRIPCI\u00d3N<\/a><\/strong><\/span><\/p>\n\n\n<p><\/p>\n","protected":false},"excerpt":{"rendered":"<p>Ex\u00e1menes finales: Periodo de Inscripci\u00f3n: Lunes 14 hasta\u00a0 el Jueves 17 de Febrero (finaliza a las 22:00 hs) . En el enlace \u00abMESAS FEB-MAR 2022\u00bb encontraran un archivos con las fechas correspondiente a las mesas de examen final para los llamados correspondientes a este per\u00edodo. Tambi\u00e9n encontrar\u00e1n en link al formulario de inscripci\u00f3n. IMPORTANTE: Recordar &#8230; <a title=\"Inscripci\u00f3n virtual a Mesas de Examen &#8211; Per\u00edodo FEBRERO &#8211; MARZO 2022.\" class=\"read-more\" href=\"https:\/\/isfd133-bue.infd.edu.ar\/sitio\/inscripcion-es-virtual-a-mesas-de-examenfinal\/\" aria-label=\"More on Inscripci\u00f3n virtual a Mesas de Examen &#8211; Per\u00edodo FEBRERO &#8211; MARZO 2022.\">[+]<\/a><\/p>\n","protected":false},"author":330,"featured_media":0,"parent":0,"menu_order":0,"comment_status":"closed","ping_status":"closed","template":"","meta":[],"acf":[],"_links":{"self":[{"href":"https:\/\/isfd133-bue.infd.edu.ar\/sitio\/wp-json\/wp\/v2\/pages\/1238"}],"collection":[{"href":"https:\/\/isfd133-bue.infd.edu.ar\/sitio\/wp-json\/wp\/v2\/pages"}],"about":[{"href":"https:\/\/isfd133-bue.infd.edu.ar\/sitio\/wp-json\/wp\/v2\/types\/page"}],"author":[{"embeddable":true,"href":"https:\/\/isfd133-bue.infd.edu.ar\/sitio\/wp-json\/wp\/v2\/users\/330"}],"replies":[{"embeddable":true,"href":"https:\/\/isfd133-bue.infd.edu.ar\/sitio\/wp-json\/wp\/v2\/comments?post=1238"}],"version-history":[{"count":41,"href":"https:\/\/isfd133-bue.infd.edu.ar\/sitio\/wp-json\/wp\/v2\/pages\/1238\/revisions"}],"predecessor-version":[{"id":1563,"href":"https:\/\/isfd133-bue.infd.edu.ar\/sitio\/wp-json\/wp\/v2\/pages\/1238\/revisions\/1563"}],"wp:attachment":[{"href":"https:\/\/isfd133-bue.infd.edu.ar\/sitio\/wp-json\/wp\/v2\/media?parent=1238"}],"curies":[{"name":"wp","href":"https:\/\/api.w.org\/{rel}","templated":true}]}}