{"id":1266,"date":"2019-09-18T16:16:33","date_gmt":"2019-09-18T19:16:33","guid":{"rendered":"https:\/\/isfd133-bue.infd.edu.ar\/sitio\/?page_id=1266"},"modified":"2019-09-18T16:20:15","modified_gmt":"2019-09-18T19:20:15","slug":"biblioteca-digital-pronafe","status":"publish","type":"page","link":"https:\/\/isfd133-bue.infd.edu.ar\/sitio\/biblioteca-digital-pronafe\/","title":{"rendered":"Biblioteca Digital PRONAFE"},"content":{"rendered":"<p><a href=\"https:\/\/www.enfoco.net.ar\/pronafe?utm_source=email_marketing&amp;utm_admin=120805&amp;utm_medium=email&amp;utm_campaign=Suscribite_gratis_a_la_Biblioteca_Digital_En_FoCo_PRONAFE\">https:\/\/www.enfoco.net.ar\/pronafe?utm_source=email_marketing&amp;utm_admin=120805&amp;utm_medium=email&amp;utm_campaign=Suscribite_gratis_a_la_Biblioteca_Digital_En_FoCo_PRONAFE<\/a><\/p>\n<p>&nbsp;<\/p>\n<p>Nuevo recurso para acceder a material bibliogr\u00e1fico on-line de enfermer\u00eda para docentes y alumnos.<\/p>\n<p>Requiere registro previo y descarga de aplicaci\u00f3n Bidi.<\/p>\n","protected":false},"excerpt":{"rendered":"<p>https:\/\/www.enfoco.net.ar\/pronafe?utm_source=email_marketing&amp;utm_admin=120805&amp;utm_medium=email&amp;utm_campaign=Suscribite_gratis_a_la_Biblioteca_Digital_En_FoCo_PRONAFE &nbsp; Nuevo recurso para acceder a material bibliogr\u00e1fico on-line de enfermer\u00eda para docentes y alumnos. Requiere registro previo y descarga de aplicaci\u00f3n Bidi.<\/p>\n","protected":false},"author":330,"featured_media":0,"parent":0,"menu_order":0,"comment_status":"closed","ping_status":"closed","template":"","meta":[],"acf":[],"_links":{"self":[{"href":"https:\/\/isfd133-bue.infd.edu.ar\/sitio\/wp-json\/wp\/v2\/pages\/1266"}],"collection":[{"href":"https:\/\/isfd133-bue.infd.edu.ar\/sitio\/wp-json\/wp\/v2\/pages"}],"about":[{"href":"https:\/\/isfd133-bue.infd.edu.ar\/sitio\/wp-json\/wp\/v2\/types\/page"}],"author":[{"embeddable":true,"href":"https:\/\/isfd133-bue.infd.edu.ar\/sitio\/wp-json\/wp\/v2\/users\/330"}],"replies":[{"embeddable":true,"href":"https:\/\/isfd133-bue.infd.edu.ar\/sitio\/wp-json\/wp\/v2\/comments?post=1266"}],"version-history":[{"count":2,"href":"https:\/\/isfd133-bue.infd.edu.ar\/sitio\/wp-json\/wp\/v2\/pages\/1266\/revisions"}],"predecessor-version":[{"id":1269,"href":"https:\/\/isfd133-bue.infd.edu.ar\/sitio\/wp-json\/wp\/v2\/pages\/1266\/revisions\/1269"}],"wp:attachment":[{"href":"https:\/\/isfd133-bue.infd.edu.ar\/sitio\/wp-json\/wp\/v2\/media?parent=1266"}],"curies":[{"name":"wp","href":"https:\/\/api.w.org\/{rel}","templated":true}]}}