{"id":1410,"date":"2020-03-05T21:42:32","date_gmt":"2020-03-06T00:42:32","guid":{"rendered":"https:\/\/isfd133-bue.infd.edu.ar\/sitio\/?page_id=1410"},"modified":"2026-05-04T16:54:00","modified_gmt":"2026-05-04T19:54:00","slug":"tecnicatura-superior-en-emergencias-de-salud","status":"publish","type":"page","link":"https:\/\/isfd133-bue.infd.edu.ar\/sitio\/tecnicatura-superior-en-emergencias-de-salud\/","title":{"rendered":"Tecnicatura Superior en Trabajo Social"},"content":{"rendered":"<p><span class=\"fontstyle0\">\u00c1REA OCUPACIONAL<br \/>\nEl trabajador social podr\u00e1 desempe\u00f1arse:<br \/>\n\u2022 en organizaciones gubernamentales y no gubernamentales de distinto tipo y tama\u00f1o<br \/>\n\u2022 en funciones y roles diversos de acuerdo a las caracter\u00edsticas de las organizaciones, realizando peritajes, informes sociales y mediaci\u00f3n;<br \/>\n\u2022 en programas y proyectos en el marco de Pol\u00edticas Sociales estatales y no estatales y;<br \/>\n\u2022 participando en procesos de organizaci\u00f3n comunitaria y en equipos de trabajo. <\/span><span class=\"fontstyle0\"><br \/>\n<\/span><span class=\"fontstyle0\"><br \/>\n<\/span><span class=\"fontstyle0\"><br \/>\n<\/span><span class=\"fontstyle0\"><br \/>\n<\/span><span class=\"fontstyle0\"><br \/>\n<\/span><span class=\"fontstyle0\"><br \/>\n<\/span><\/p>\n<p>Resoluci\u00f3n carrera Trabajo Social &#8211;&gt; <a href=\"http:\/\/servicios.abc.gov.ar\/lainstitucion\/sistemaeducativo\/educsuperiorycapeducativa\/bibliografia\/planesdeestudio\/res1666-06-anexo-trabajosocial.pdf\">D.C. TRABAJO SOCIAL<\/a><\/p>\n","protected":false},"excerpt":{"rendered":"<p>\u00c1REA OCUPACIONAL El trabajador social podr\u00e1 desempe\u00f1arse: \u2022 en organizaciones gubernamentales y no gubernamentales de distinto tipo y tama\u00f1o \u2022 en funciones y roles diversos de acuerdo a las caracter\u00edsticas de las organizaciones, realizando peritajes, informes sociales y mediaci\u00f3n; \u2022 en programas y proyectos en el marco de Pol\u00edticas Sociales estatales y no estatales y; &#8230; <a title=\"Tecnicatura Superior en Trabajo Social\" class=\"read-more\" href=\"https:\/\/isfd133-bue.infd.edu.ar\/sitio\/tecnicatura-superior-en-emergencias-de-salud\/\" aria-label=\"More on Tecnicatura Superior en Trabajo Social\">[+]<\/a><\/p>\n","protected":false},"author":330,"featured_media":0,"parent":0,"menu_order":0,"comment_status":"closed","ping_status":"closed","template":"","meta":[],"acf":[],"_links":{"self":[{"href":"https:\/\/isfd133-bue.infd.edu.ar\/sitio\/wp-json\/wp\/v2\/pages\/1410"}],"collection":[{"href":"https:\/\/isfd133-bue.infd.edu.ar\/sitio\/wp-json\/wp\/v2\/pages"}],"about":[{"href":"https:\/\/isfd133-bue.infd.edu.ar\/sitio\/wp-json\/wp\/v2\/types\/page"}],"author":[{"embeddable":true,"href":"https:\/\/isfd133-bue.infd.edu.ar\/sitio\/wp-json\/wp\/v2\/users\/330"}],"replies":[{"embeddable":true,"href":"https:\/\/isfd133-bue.infd.edu.ar\/sitio\/wp-json\/wp\/v2\/comments?post=1410"}],"version-history":[{"count":3,"href":"https:\/\/isfd133-bue.infd.edu.ar\/sitio\/wp-json\/wp\/v2\/pages\/1410\/revisions"}],"predecessor-version":[{"id":1640,"href":"https:\/\/isfd133-bue.infd.edu.ar\/sitio\/wp-json\/wp\/v2\/pages\/1410\/revisions\/1640"}],"wp:attachment":[{"href":"https:\/\/isfd133-bue.infd.edu.ar\/sitio\/wp-json\/wp\/v2\/media?parent=1410"}],"curies":[{"name":"wp","href":"https:\/\/api.w.org\/{rel}","templated":true}]}}