{"id":1438,"date":"2020-03-16T21:04:33","date_gmt":"2020-03-17T00:04:33","guid":{"rendered":"https:\/\/isfd133-bue.infd.edu.ar\/sitio\/?page_id=1438"},"modified":"2020-03-31T16:42:12","modified_gmt":"2020-03-31T19:42:12","slug":"matriculacion-de-alumnos","status":"publish","type":"page","link":"https:\/\/isfd133-bue.infd.edu.ar\/sitio\/matriculacion-de-alumnos\/","title":{"rendered":"Matriculaci\u00f3n de Alumnos"},"content":{"rendered":"<p>Para cumplimentar con el requisito de matriculaci\u00f3n, deber\u00e1s completar, luego descargar el siguiente formulario y enviarlo como archivo adjunto por e-mail a la direcci\u00f3n que all\u00ed se indica.<\/p>\n<p><strong>Opci\u00f3n 1:<\/strong> Formulario para completar y enviar por mail:<\/p>\n<p>Formulario PDF:\u00a0<a href=\"https:\/\/isfd133-bue.infd.edu.ar\/sitio\/wp-content\/uploads\/2020\/03\/Formulario-de-Matriculacion-A5a-para-completar.pdf\">Formulario-de-Matriculacion-A5a para completar<\/a><\/p>\n<p>&nbsp;<\/p>\n<p>Si por alguna raz\u00f3n no puedes hacerlo y decid\u00eds completarlo manualmente, deber\u00e1s descargar el archivo, imprimirlo y completarlo con letra legible. Luego deber\u00e1s entregarlo personalmente de forma impresa en preceptoria del Instituto, para esto puedes utilizar el siguiente enlace:<\/p>\n<p><strong>Opci\u00f3n 2:<\/strong> Formulario para imprimir y completar manualmente:\u00a0<a href=\"https:\/\/isfd133-bue.infd.edu.ar\/sitio\/wp-content\/uploads\/2020\/03\/Formulario-de-Matriculacion-A5a.pdf\">Formulario de Matriculacion A5a<\/a><\/p>\n","protected":false},"excerpt":{"rendered":"<p>Para cumplimentar con el requisito de matriculaci\u00f3n, deber\u00e1s completar, luego descargar el siguiente formulario y enviarlo como archivo adjunto por e-mail a la direcci\u00f3n que all\u00ed se indica. Opci\u00f3n 1: Formulario para completar y enviar por mail: Formulario PDF:\u00a0Formulario-de-Matriculacion-A5a para completar &nbsp; Si por alguna raz\u00f3n no puedes hacerlo y decid\u00eds completarlo manualmente, deber\u00e1s descargar &#8230; <a title=\"Matriculaci\u00f3n de Alumnos\" class=\"read-more\" href=\"https:\/\/isfd133-bue.infd.edu.ar\/sitio\/matriculacion-de-alumnos\/\" aria-label=\"More on Matriculaci\u00f3n de Alumnos\">[+]<\/a><\/p>\n","protected":false},"author":330,"featured_media":0,"parent":0,"menu_order":0,"comment_status":"closed","ping_status":"closed","template":"","meta":[],"acf":[],"_links":{"self":[{"href":"https:\/\/isfd133-bue.infd.edu.ar\/sitio\/wp-json\/wp\/v2\/pages\/1438"}],"collection":[{"href":"https:\/\/isfd133-bue.infd.edu.ar\/sitio\/wp-json\/wp\/v2\/pages"}],"about":[{"href":"https:\/\/isfd133-bue.infd.edu.ar\/sitio\/wp-json\/wp\/v2\/types\/page"}],"author":[{"embeddable":true,"href":"https:\/\/isfd133-bue.infd.edu.ar\/sitio\/wp-json\/wp\/v2\/users\/330"}],"replies":[{"embeddable":true,"href":"https:\/\/isfd133-bue.infd.edu.ar\/sitio\/wp-json\/wp\/v2\/comments?post=1438"}],"version-history":[{"count":3,"href":"https:\/\/isfd133-bue.infd.edu.ar\/sitio\/wp-json\/wp\/v2\/pages\/1438\/revisions"}],"predecessor-version":[{"id":1445,"href":"https:\/\/isfd133-bue.infd.edu.ar\/sitio\/wp-json\/wp\/v2\/pages\/1438\/revisions\/1445"}],"wp:attachment":[{"href":"https:\/\/isfd133-bue.infd.edu.ar\/sitio\/wp-json\/wp\/v2\/media?parent=1438"}],"curies":[{"name":"wp","href":"https:\/\/api.w.org\/{rel}","templated":true}]}}