{"id":1468,"date":"2020-07-24T20:52:13","date_gmt":"2020-07-24T23:52:13","guid":{"rendered":"https:\/\/isfd133-bue.infd.edu.ar\/sitio\/?page_id=1468"},"modified":"2026-05-04T22:39:34","modified_gmt":"2026-05-05T01:39:34","slug":"mesas-de-examen-final","status":"publish","type":"page","link":"https:\/\/isfd133-bue.infd.edu.ar\/sitio\/mesas-de-examen-final\/","title":{"rendered":"Mesas de Ex\u00e1menes Finales"},"content":{"rendered":"<p><strong>En el siguiente enlace podr\u00e1 consultar las mesas de ex\u00e1menes correspondientes al turno de AGOSTO 2026:<\/strong><\/p>\n<p><strong><a href=\"https:\/\/isfd133-bue.infd.edu.ar\/sitio\/wp-content\/uploads\/2021\/11\/MESAS-NOV-DIC-2021.pdf\" target=\"_blank\" rel=\"noopener\">MESAS NOV-DIC 2021<\/a><\/strong><\/p>\n\n\n<p><\/p>\n","protected":false},"excerpt":{"rendered":"<p>En el siguiente enlace podr\u00e1 consultar las mesas de ex\u00e1menes correspondientes al turno de AGOSTO 2026: MESAS NOV-DIC 2021<\/p>\n","protected":false},"author":256,"featured_media":0,"parent":0,"menu_order":0,"comment_status":"closed","ping_status":"closed","template":"","meta":[],"acf":[],"_links":{"self":[{"href":"https:\/\/isfd133-bue.infd.edu.ar\/sitio\/wp-json\/wp\/v2\/pages\/1468"}],"collection":[{"href":"https:\/\/isfd133-bue.infd.edu.ar\/sitio\/wp-json\/wp\/v2\/pages"}],"about":[{"href":"https:\/\/isfd133-bue.infd.edu.ar\/sitio\/wp-json\/wp\/v2\/types\/page"}],"author":[{"embeddable":true,"href":"https:\/\/isfd133-bue.infd.edu.ar\/sitio\/wp-json\/wp\/v2\/users\/256"}],"replies":[{"embeddable":true,"href":"https:\/\/isfd133-bue.infd.edu.ar\/sitio\/wp-json\/wp\/v2\/comments?post=1468"}],"version-history":[{"count":13,"href":"https:\/\/isfd133-bue.infd.edu.ar\/sitio\/wp-json\/wp\/v2\/pages\/1468\/revisions"}],"predecessor-version":[{"id":1704,"href":"https:\/\/isfd133-bue.infd.edu.ar\/sitio\/wp-json\/wp\/v2\/pages\/1468\/revisions\/1704"}],"wp:attachment":[{"href":"https:\/\/isfd133-bue.infd.edu.ar\/sitio\/wp-json\/wp\/v2\/media?parent=1468"}],"curies":[{"name":"wp","href":"https:\/\/api.w.org\/{rel}","templated":true}]}}