{"id":1707,"date":"2026-05-04T22:57:26","date_gmt":"2026-05-05T01:57:26","guid":{"rendered":"https:\/\/isfd133-bue.infd.edu.ar\/sitio\/?page_id=1707"},"modified":"2026-05-05T20:55:40","modified_gmt":"2026-05-05T23:55:40","slug":"documentacion-para-estudiantes","status":"publish","type":"page","link":"https:\/\/isfd133-bue.infd.edu.ar\/sitio\/documentacion-para-estudiantes\/","title":{"rendered":"Documentaci\u00f3n e informaci\u00f3n para Estudiantes"},"content":{"rendered":"\n<p>En esta p\u00e1gina puede ir informaci\u00f3n con normativas de inter\u00e9s para los&nbsp;alumnos (actuales o futuros):<\/p>\n\n\n\n<p>Por ejemplo:<\/p>\n\n\n\n<ul>\n<li>Condiciones de regularidad<\/li>\n\n\n\n<li>Reincorporaciones<\/li>\n\n\n\n<li>Inscripci\u00f3n en a\u00f1os subsiguientes<\/li>\n\n\n\n<li>Normativas generales,<\/li>\n\n\n\n<li>Reglamento org\u00e1nico, etc.<\/li>\n<\/ul>\n\n\n\n<p><strong>Solicitud de Certificados:<\/strong><\/p>\n\n\n\n<ul>\n<li><a href=\"https:\/\/forms.gle\/PvCY7NF5xiG3KgQL8\">Formulario de Solicitud de Constancias<\/a><\/li>\n<\/ul>\n\n\n\n<p><strong>Inscripci\u00f3n y Matriculaci\u00f3n:<\/strong><\/p>\n\n\n\n<ul>\n<li><a href=\"https:\/\/drive.google.com\/file\/d\/1c5EIwVMkIOGPwYQ5jNcEVrpI0VURBjyE\/view?usp=sharing\">Planilla de Inscripci\u00f3n<\/a><\/li>\n\n\n\n<li><a href=\"https:\/\/docs.google.com\/document\/d\/1JFpwvwkCsa-kMqzrmbk-Y0mVBqUkNs4l\/edit?usp=drive_link&amp;ouid=100845034003630752404&amp;rtpof=true&amp;sd=true\">DDJJ Salida Educativa<\/a><\/li>\n\n\n\n<li><a href=\"https:\/\/drive.google.com\/file\/d\/1kM1EkQbyaeGtZ_D3Gt1d9fe7v7uZd9mU\/view?usp=sharing\">Planilla Solicitud de Equivalencia<\/a><\/li>\n\n\n\n<li><a href=\"https:\/\/drive.google.com\/file\/d\/1prjNpiOzT08ltDMCnEXNGjpINm_Wlnbc\/view?usp=sharing\">Formulario para solicitar cursar como estudiante intinerante<\/a><\/li>\n\n\n\n<li><a href=\"https:\/\/drive.google.com\/file\/d\/1T31jWe00DFOl91Y-V3bCyBoRM9mmoJ8B\/view?usp=sharing\">Nota PASE hacia otro instituto<\/a><\/li>\n\n\n\n<li><a href=\"https:\/\/drive.google.com\/file\/d\/1kOwiv2BsmjfOSCskXoGoRw7ZMF9QudVc\/view?usp=sharing\">NOTA PASE ingreso al ISFDyT 133<\/a><\/li>\n\n\n\n<li><a href=\"https:\/\/drive.google.com\/file\/d\/1j3BHKqZFVXjjsKY6D4gpJImmkCqXGOKt\/view?usp=sharing\">Autorizaci\u00f3n de uso de imagen<\/a><\/li>\n<\/ul>\n\n\n\n<p style=\"font-style:normal;font-weight:700\">Normativa<\/p>\n\n\n\n<ul>\n<li><a href=\"https:\/\/drive.google.com\/file\/d\/1yrcAJ0YFRLq8m6sgNRVqVHUJvNdEl17i\/view?usp=sharing\">Comunicaci\u00f3n Conjunta N\u00b0 3\/22 &#8211; Sobre la Validez de las cursadas en relaci\u00f3n con las excepciones dispuestas durante la vigencia del ASPO y DISPO<\/a><\/li>\n\n\n\n<li><a href=\"https:\/\/drive.google.com\/file\/d\/1NZQRaTXajm27MnoiyizXscFBig-nTrDC\/view?usp=sharing\">R\u00e9gimen Acad\u00e9mico Marco<\/a><\/li>\n<\/ul>\n","protected":false},"excerpt":{"rendered":"<p>En esta p\u00e1gina puede ir informaci\u00f3n con normativas de inter\u00e9s para los&nbsp;alumnos (actuales o futuros): Por ejemplo: Solicitud de Certificados: Inscripci\u00f3n y Matriculaci\u00f3n: Normativa<\/p>\n","protected":false},"author":51,"featured_media":0,"parent":0,"menu_order":0,"comment_status":"closed","ping_status":"closed","template":"","meta":[],"acf":[],"_links":{"self":[{"href":"https:\/\/isfd133-bue.infd.edu.ar\/sitio\/wp-json\/wp\/v2\/pages\/1707"}],"collection":[{"href":"https:\/\/isfd133-bue.infd.edu.ar\/sitio\/wp-json\/wp\/v2\/pages"}],"about":[{"href":"https:\/\/isfd133-bue.infd.edu.ar\/sitio\/wp-json\/wp\/v2\/types\/page"}],"author":[{"embeddable":true,"href":"https:\/\/isfd133-bue.infd.edu.ar\/sitio\/wp-json\/wp\/v2\/users\/51"}],"replies":[{"embeddable":true,"href":"https:\/\/isfd133-bue.infd.edu.ar\/sitio\/wp-json\/wp\/v2\/comments?post=1707"}],"version-history":[{"count":7,"href":"https:\/\/isfd133-bue.infd.edu.ar\/sitio\/wp-json\/wp\/v2\/pages\/1707\/revisions"}],"predecessor-version":[{"id":1751,"href":"https:\/\/isfd133-bue.infd.edu.ar\/sitio\/wp-json\/wp\/v2\/pages\/1707\/revisions\/1751"}],"wp:attachment":[{"href":"https:\/\/isfd133-bue.infd.edu.ar\/sitio\/wp-json\/wp\/v2\/media?parent=1707"}],"curies":[{"name":"wp","href":"https:\/\/api.w.org\/{rel}","templated":true}]}}