{"id":737,"date":"2018-08-29T16:54:32","date_gmt":"2018-08-29T19:54:32","guid":{"rendered":"https:\/\/isfd133-bue.infd.edu.ar\/sitio\/el-instituto\/"},"modified":"2026-05-05T01:15:46","modified_gmt":"2026-05-05T04:15:46","slug":"el-instituto","status":"publish","type":"page","link":"https:\/\/isfd133-bue.infd.edu.ar\/sitio\/el-instituto\/","title":{"rendered":"El Instituto"},"content":{"rendered":"<p><img decoding=\"async\" loading=\"lazy\" class=\"alignnone  wp-image-800\" src=\"https:\/\/isfd133-bue.infd.edu.ar\/sitio\/wp-content\/uploads\/2018\/09\/FRENTE.jpg\" alt=\"\" width=\"421\" height=\"421\" srcset=\"https:\/\/isfd133-bue.infd.edu.ar\/sitio\/wp-content\/uploads\/2018\/09\/FRENTE.jpg 640w, https:\/\/isfd133-bue.infd.edu.ar\/sitio\/wp-content\/uploads\/2018\/09\/FRENTE-500x500.jpg 500w\" sizes=\"(max-width: 421px) 100vw, 421px\" \/><\/p>\n<div style=\"text-align: center;\"><span style=\"font-size: 14pt; font-family: 'arial black', 'avant garde';\"><strong>Instituto Superior de Formaci\u00f3n Docente y T\u00e9cnica N\u00ba 133 de General Pinto<\/strong><\/span><\/div>\n<div style=\"text-align: center;\">\n<p style=\"font-size: 19px;\"><span style=\"font-size: 10pt;\">En este Ciclo Lectivo 2026 se cumplen cuarenta a\u00f1os de la creaci\u00f3n de esta casa de estudios que ha dado la posibilidad a muchas generaciones de j\u00f3venes de nuestra localidad y ciudades vecinas de acceder a estudios terciarios.\u00a0<\/span><\/p>\n<p style=\"font-size: 19px;\"><span style=\"font-size: 10pt;\">\u00a0<\/span><span style=\"font-size: 13px;\">A trav\u00e9s de la formaci\u00f3n docente, poblando las aulas de las escuela y jardines de Infantes y mediante la formaci\u00f3n t\u00e9cnica Enfermeros Profesionales hoy se desempe\u00f1an en nuestro Hospital Municipal, entre muchos otros profesionales egresados de nuestra instituci\u00f3n.<\/span><\/p>\n<\/div>\n","protected":false},"excerpt":{"rendered":"<p>Instituto Superior de Formaci\u00f3n Docente y T\u00e9cnica N\u00ba 133 de General Pinto En este Ciclo Lectivo 2026 se cumplen cuarenta a\u00f1os de la creaci\u00f3n de esta casa de estudios que ha dado la posibilidad a muchas generaciones de j\u00f3venes de nuestra localidad y ciudades vecinas de acceder a estudios terciarios.\u00a0 \u00a0A trav\u00e9s de la formaci\u00f3n &#8230; <a title=\"El Instituto\" class=\"read-more\" href=\"https:\/\/isfd133-bue.infd.edu.ar\/sitio\/el-instituto\/\" aria-label=\"More on El Instituto\">[+]<\/a><\/p>\n","protected":false},"author":243,"featured_media":0,"parent":0,"menu_order":0,"comment_status":"closed","ping_status":"closed","template":"","meta":[],"acf":[],"_links":{"self":[{"href":"https:\/\/isfd133-bue.infd.edu.ar\/sitio\/wp-json\/wp\/v2\/pages\/737"}],"collection":[{"href":"https:\/\/isfd133-bue.infd.edu.ar\/sitio\/wp-json\/wp\/v2\/pages"}],"about":[{"href":"https:\/\/isfd133-bue.infd.edu.ar\/sitio\/wp-json\/wp\/v2\/types\/page"}],"author":[{"embeddable":true,"href":"https:\/\/isfd133-bue.infd.edu.ar\/sitio\/wp-json\/wp\/v2\/users\/243"}],"replies":[{"embeddable":true,"href":"https:\/\/isfd133-bue.infd.edu.ar\/sitio\/wp-json\/wp\/v2\/comments?post=737"}],"version-history":[{"count":4,"href":"https:\/\/isfd133-bue.infd.edu.ar\/sitio\/wp-json\/wp\/v2\/pages\/737\/revisions"}],"predecessor-version":[{"id":1745,"href":"https:\/\/isfd133-bue.infd.edu.ar\/sitio\/wp-json\/wp\/v2\/pages\/737\/revisions\/1745"}],"wp:attachment":[{"href":"https:\/\/isfd133-bue.infd.edu.ar\/sitio\/wp-json\/wp\/v2\/media?parent=737"}],"curies":[{"name":"wp","href":"https:\/\/api.w.org\/{rel}","templated":true}]}}