{"id":743,"date":"2018-08-29T16:54:34","date_gmt":"2018-08-29T19:54:34","guid":{"rendered":"https:\/\/isfd133-bue.infd.edu.ar\/sitio\/enfermeria-profesional\/"},"modified":"2019-03-12T22:06:19","modified_gmt":"2019-03-13T01:06:19","slug":"enfermeria-profesional","status":"publish","type":"page","link":"https:\/\/isfd133-bue.infd.edu.ar\/sitio\/enfermeria-profesional\/","title":{"rendered":"Tecnicatura Superior en Enfermer\u00eda"},"content":{"rendered":"<p>RM 854\/16<\/p>\n<p>Duraci\u00f3n: 3 a\u00f1os<\/p>\n<p>Requisitos de Ingreso:<br \/>\nNivel Medio o Polimodal completo.<\/p>\n<p>Perfil Profesional:<\/p>\n<p>La Tecnicatura Superior en Enfermer\u00eda propicia la formaci\u00f3n de un profesional en las Ciencias de la Salud, responsable de brindar cuidados de la enfermer\u00eda a las persona, familias y comunidad, que asume el derecho a la salud de las personas como inalienable y se integra al sistema de la salud con sus competencias para garantizarlo; sobre la base de una formaci\u00f3n cient\u00edfica t\u00e9cnica y human\u00edstica el Enfermero despliega las actividades de cuidado utilizando las estrategias de protecci\u00f3n y promoci\u00f3n de la salud asistencia de las enfermedades y su recuperaci\u00f3n, como integrante del equipo de salud para elevar el nivel de salud y la calidad de vida de la poblaci\u00f3n.<\/p>\n<p>Los Contenidos se agrupan en:<br \/>\n&#8211; Campo de la Formaci\u00f3n General<br \/>\n&#8211; Campo de la Formaci\u00f3n de Fundamento<br \/>\n&#8211; Campo de la Formaci\u00f3n Espec\u00edfica<br \/>\n&#8211; Campo de la Pr\u00e1ctica Profesionalizante<\/p>\n<p>&nbsp;<\/p>\n","protected":false},"excerpt":{"rendered":"<p>RM 854\/16 Duraci\u00f3n: 3 a\u00f1os Requisitos de Ingreso: Nivel Medio o Polimodal completo. Perfil Profesional: La Tecnicatura Superior en Enfermer\u00eda propicia la formaci\u00f3n de un profesional en las Ciencias de la Salud, responsable de brindar cuidados de la enfermer\u00eda a las persona, familias y comunidad, que asume el derecho a la salud de las personas &#8230; <a title=\"Tecnicatura Superior en Enfermer\u00eda\" class=\"read-more\" href=\"https:\/\/isfd133-bue.infd.edu.ar\/sitio\/enfermeria-profesional\/\" aria-label=\"More on Tecnicatura Superior en Enfermer\u00eda\">[+]<\/a><\/p>\n","protected":false},"author":243,"featured_media":0,"parent":0,"menu_order":0,"comment_status":"closed","ping_status":"closed","template":"","meta":[],"acf":[],"_links":{"self":[{"href":"https:\/\/isfd133-bue.infd.edu.ar\/sitio\/wp-json\/wp\/v2\/pages\/743"}],"collection":[{"href":"https:\/\/isfd133-bue.infd.edu.ar\/sitio\/wp-json\/wp\/v2\/pages"}],"about":[{"href":"https:\/\/isfd133-bue.infd.edu.ar\/sitio\/wp-json\/wp\/v2\/types\/page"}],"author":[{"embeddable":true,"href":"https:\/\/isfd133-bue.infd.edu.ar\/sitio\/wp-json\/wp\/v2\/users\/243"}],"replies":[{"embeddable":true,"href":"https:\/\/isfd133-bue.infd.edu.ar\/sitio\/wp-json\/wp\/v2\/comments?post=743"}],"version-history":[{"count":1,"href":"https:\/\/isfd133-bue.infd.edu.ar\/sitio\/wp-json\/wp\/v2\/pages\/743\/revisions"}],"predecessor-version":[{"id":841,"href":"https:\/\/isfd133-bue.infd.edu.ar\/sitio\/wp-json\/wp\/v2\/pages\/743\/revisions\/841"}],"wp:attachment":[{"href":"https:\/\/isfd133-bue.infd.edu.ar\/sitio\/wp-json\/wp\/v2\/media?parent=743"}],"curies":[{"name":"wp","href":"https:\/\/api.w.org\/{rel}","templated":true}]}}