{"id":747,"date":"2018-08-29T16:54:35","date_gmt":"2018-08-29T19:54:35","guid":{"rendered":"https:\/\/isfd133-bue.infd.edu.ar\/sitio\/investigacion\/"},"modified":"2026-05-05T21:00:39","modified_gmt":"2026-05-06T00:00:39","slug":"investigacion","status":"publish","type":"page","link":"https:\/\/isfd133-bue.infd.edu.ar\/sitio\/investigacion\/","title":{"rendered":"Investigaci\u00f3n"},"content":{"rendered":"<p><span style=\"font-family: Verdana; font-size: small;\">El Instituto est\u00e1 organizando distintas actividades de Investigaci\u00f3n. Las mismas cuentan con la participaci\u00f3n de docentes y especialistas de todas las \u00e1reas.<\/span><\/p>\n\n\n<div class=\"wp-block-file\"><object class=\"wp-block-file__embed\" data=\"https:\/\/isfd133-bue.infd.edu.ar\/sitio\/wp-content\/uploads\/2026\/05\/I-Jornada-Puentes-Pedagogicos-en-territorios-de-investigacion.docx.pdf\" type=\"application\/pdf\" style=\"width:100%;height:600px\" aria-label=\"Incrustado de I-Jornada-Puentes-Pedagogicos-en-territorios-de-investigacion.docx.\"><\/object><a id=\"wp-block-file--media-14ae8736-9489-40cd-8a22-1c5e6252da58\" href=\"https:\/\/isfd133-bue.infd.edu.ar\/sitio\/wp-content\/uploads\/2026\/05\/I-Jornada-Puentes-Pedagogicos-en-territorios-de-investigacion.docx.pdf\">I-Jornada-Puentes-Pedagogicos-en-territorios-de-investigacion.docx<\/a><a href=\"https:\/\/isfd133-bue.infd.edu.ar\/sitio\/wp-content\/uploads\/2026\/05\/I-Jornada-Puentes-Pedagogicos-en-territorios-de-investigacion.docx.pdf\" class=\"wp-block-file__button wp-element-button\" download aria-describedby=\"wp-block-file--media-14ae8736-9489-40cd-8a22-1c5e6252da58\">Descarga<\/a><\/div>\n","protected":false},"excerpt":{"rendered":"<p>El Instituto est\u00e1 organizando distintas actividades de Investigaci\u00f3n. Las mismas cuentan con la participaci\u00f3n de docentes y especialistas de todas las \u00e1reas.<\/p>\n","protected":false},"author":243,"featured_media":0,"parent":0,"menu_order":0,"comment_status":"closed","ping_status":"closed","template":"","meta":[],"acf":[],"_links":{"self":[{"href":"https:\/\/isfd133-bue.infd.edu.ar\/sitio\/wp-json\/wp\/v2\/pages\/747"}],"collection":[{"href":"https:\/\/isfd133-bue.infd.edu.ar\/sitio\/wp-json\/wp\/v2\/pages"}],"about":[{"href":"https:\/\/isfd133-bue.infd.edu.ar\/sitio\/wp-json\/wp\/v2\/types\/page"}],"author":[{"embeddable":true,"href":"https:\/\/isfd133-bue.infd.edu.ar\/sitio\/wp-json\/wp\/v2\/users\/243"}],"replies":[{"embeddable":true,"href":"https:\/\/isfd133-bue.infd.edu.ar\/sitio\/wp-json\/wp\/v2\/comments?post=747"}],"version-history":[{"count":1,"href":"https:\/\/isfd133-bue.infd.edu.ar\/sitio\/wp-json\/wp\/v2\/pages\/747\/revisions"}],"predecessor-version":[{"id":1753,"href":"https:\/\/isfd133-bue.infd.edu.ar\/sitio\/wp-json\/wp\/v2\/pages\/747\/revisions\/1753"}],"wp:attachment":[{"href":"https:\/\/isfd133-bue.infd.edu.ar\/sitio\/wp-json\/wp\/v2\/media?parent=747"}],"curies":[{"name":"wp","href":"https:\/\/api.w.org\/{rel}","templated":true}]}}