{"id":753,"date":"2018-08-29T16:54:37","date_gmt":"2018-08-29T19:54:37","guid":{"rendered":"https:\/\/isfd133-bue.infd.edu.ar\/sitio\/residencia\/"},"modified":"2019-03-13T21:45:25","modified_gmt":"2019-03-14T00:45:25","slug":"residencia","status":"publish","type":"page","link":"https:\/\/isfd133-bue.infd.edu.ar\/sitio\/residencia\/","title":{"rendered":"CIPE"},"content":{"rendered":"<p>Los Coordinadores Institucionales de Pol\u00edticas Estudiantiles (CIPEs) son parte de una estrategia para motorizar y llevar adelante el fortalecimiento de las trayectorias estudiantiles. Tienen un rol central en acompa\u00f1ar la generaci\u00f3n de condiciones institucionales que alienten la participaci\u00f3n de las distintas voces, el di\u00e1logo entre los estudiantes, entre estudiantes y profesores, entre estudiantes y directivos, y tambi\u00e9n en estrechar el v\u00ednculo entre el instituto y el resto de la comunidad.<\/p>\n<p>En este sentido, los CIPEs tienen como objetivos centrales:<\/p>\n<p>\u2718 Promover la participaci\u00f3n e involucramiento de los estudiantes en la gesti\u00f3n democr\u00e1tica de las instituciones y en el mejoramiento acad\u00e9mico.<\/p>\n<p>\u2718 Desarrollar proyectos de construcci\u00f3n colectiva con estudiantes y otros actores institucionales en tem\u00e1ticas que promuevan la construcci\u00f3n del sentido \u00e9tico, pol\u00edtico y transformador del docente, la pertenencia institucional y autonom\u00eda.<\/p>\n<p>&nbsp;<\/p>\n","protected":false},"excerpt":{"rendered":"<p>Los Coordinadores Institucionales de Pol\u00edticas Estudiantiles (CIPEs) son parte de una estrategia para motorizar y llevar adelante el fortalecimiento de las trayectorias estudiantiles. Tienen un rol central en acompa\u00f1ar la generaci\u00f3n de condiciones institucionales que alienten la participaci\u00f3n de las distintas voces, el di\u00e1logo entre los estudiantes, entre estudiantes y profesores, entre estudiantes y directivos, &#8230; <a title=\"CIPE\" class=\"read-more\" href=\"https:\/\/isfd133-bue.infd.edu.ar\/sitio\/residencia\/\" aria-label=\"More on CIPE\">[+]<\/a><\/p>\n","protected":false},"author":243,"featured_media":0,"parent":0,"menu_order":0,"comment_status":"closed","ping_status":"closed","template":"","meta":[],"acf":[],"_links":{"self":[{"href":"https:\/\/isfd133-bue.infd.edu.ar\/sitio\/wp-json\/wp\/v2\/pages\/753"}],"collection":[{"href":"https:\/\/isfd133-bue.infd.edu.ar\/sitio\/wp-json\/wp\/v2\/pages"}],"about":[{"href":"https:\/\/isfd133-bue.infd.edu.ar\/sitio\/wp-json\/wp\/v2\/types\/page"}],"author":[{"embeddable":true,"href":"https:\/\/isfd133-bue.infd.edu.ar\/sitio\/wp-json\/wp\/v2\/users\/243"}],"replies":[{"embeddable":true,"href":"https:\/\/isfd133-bue.infd.edu.ar\/sitio\/wp-json\/wp\/v2\/comments?post=753"}],"version-history":[{"count":6,"href":"https:\/\/isfd133-bue.infd.edu.ar\/sitio\/wp-json\/wp\/v2\/pages\/753\/revisions"}],"predecessor-version":[{"id":998,"href":"https:\/\/isfd133-bue.infd.edu.ar\/sitio\/wp-json\/wp\/v2\/pages\/753\/revisions\/998"}],"wp:attachment":[{"href":"https:\/\/isfd133-bue.infd.edu.ar\/sitio\/wp-json\/wp\/v2\/media?parent=753"}],"curies":[{"name":"wp","href":"https:\/\/api.w.org\/{rel}","templated":true}]}}