{"id":775,"date":"2018-08-29T16:54:42","date_gmt":"2018-08-29T19:54:42","guid":{"rendered":"https:\/\/isfd133-bue.infd.edu.ar\/sitio\/datos-institucionales\/"},"modified":"2026-05-04T23:52:14","modified_gmt":"2026-05-05T02:52:14","slug":"datos-institucionales","status":"publish","type":"page","link":"https:\/\/isfd133-bue.infd.edu.ar\/sitio\/datos-institucionales\/","title":{"rendered":"Datos institucionales"},"content":{"rendered":"<h1><span style=\"font-size: x-small; font-family: verdana;\">INSTITUTO SUPERIOR DE FORMACI\u00d3N DOCENTE Y T\u00c9CNICA N\u00ba 133 <\/span><\/h1>\n<blockquote>\n<ul>\n<li><span style=\"font-size: 12pt;\"><span style=\"font-family: verdana;\">Horarios de atenci\u00f3n: <\/span><\/span>\n<ul>\n<li><span style=\"font-size: 12pt;\"><span style=\"font-family: verdana;\">Lunes a Viernes desde las 18:00 Hs. hasta 22:30 hs.<\/span><\/span><\/li>\n<\/ul>\n<\/li>\n<\/ul>\n<ul>\n<li><span style=\"font-size: 12pt;\"><span style=\"font-family: verdana;\">Direcci\u00f3n:<\/span><\/span>\n<ul>\n<li><span style=\"font-size: 12pt;\">Carlos Pelegrini 10 &#8211; General Pinto &#8211; Pcia. de Buenos Aires<\/span><\/li>\n<\/ul>\n<\/li>\n<\/ul>\n<ul>\n<li><span style=\"font-size: 12pt;\"><span style=\"font-family: verdana;\">Tel\u00e9fonos<\/span><\/span>\n<ul>\n<li><span style=\"font-size: 12pt;\">Fijo: 02356-420138<\/span><\/li>\n<li>Whatsapp: 2355-466108<\/li>\n<\/ul>\n<\/li>\n<\/ul>\n<ul>\n<li><span style=\"font-size: 12pt;\"><span style=\"font-family: verdana;\">E-mail de consultas:<\/span><\/span>\n<ul>\n<li><span style=\"font-size: 12pt;\"><a href=\"mailto:isfd133pinto@abc.gob.ar\">isfd133pinto@abc.gob.ar<\/a><\/span><\/li>\n<\/ul>\n<\/li>\n<\/ul>\n<\/blockquote>\n","protected":false},"excerpt":{"rendered":"<p>INSTITUTO SUPERIOR DE FORMACI\u00d3N DOCENTE Y T\u00c9CNICA N\u00ba 133 Horarios de atenci\u00f3n: Lunes a Viernes desde las 18:00 Hs. hasta 22:30 hs. Direcci\u00f3n: Carlos Pelegrini 10 &#8211; General Pinto &#8211; Pcia. de Buenos Aires Tel\u00e9fonos Fijo: 02356-420138 Whatsapp: 2355-466108 E-mail de consultas: isfd133pinto@abc.gob.ar<\/p>\n","protected":false},"author":243,"featured_media":0,"parent":0,"menu_order":0,"comment_status":"closed","ping_status":"closed","template":"","meta":[],"acf":[],"_links":{"self":[{"href":"https:\/\/isfd133-bue.infd.edu.ar\/sitio\/wp-json\/wp\/v2\/pages\/775"}],"collection":[{"href":"https:\/\/isfd133-bue.infd.edu.ar\/sitio\/wp-json\/wp\/v2\/pages"}],"about":[{"href":"https:\/\/isfd133-bue.infd.edu.ar\/sitio\/wp-json\/wp\/v2\/types\/page"}],"author":[{"embeddable":true,"href":"https:\/\/isfd133-bue.infd.edu.ar\/sitio\/wp-json\/wp\/v2\/users\/243"}],"replies":[{"embeddable":true,"href":"https:\/\/isfd133-bue.infd.edu.ar\/sitio\/wp-json\/wp\/v2\/comments?post=775"}],"version-history":[{"count":7,"href":"https:\/\/isfd133-bue.infd.edu.ar\/sitio\/wp-json\/wp\/v2\/pages\/775\/revisions"}],"predecessor-version":[{"id":1719,"href":"https:\/\/isfd133-bue.infd.edu.ar\/sitio\/wp-json\/wp\/v2\/pages\/775\/revisions\/1719"}],"wp:attachment":[{"href":"https:\/\/isfd133-bue.infd.edu.ar\/sitio\/wp-json\/wp\/v2\/media?parent=775"}],"curies":[{"name":"wp","href":"https:\/\/api.w.org\/{rel}","templated":true}]}}