{"id":777,"date":"2018-08-29T16:54:43","date_gmt":"2018-08-29T19:54:43","guid":{"rendered":"https:\/\/isfd133-bue.infd.edu.ar\/sitio\/docentes\/"},"modified":"2019-03-12T23:42:46","modified_gmt":"2019-03-13T02:42:46","slug":"docentes","status":"publish","type":"page","link":"https:\/\/isfd133-bue.infd.edu.ar\/sitio\/docentes\/","title":{"rendered":"Docentes"},"content":{"rendered":"<p><span style=\"font-family: Arial; color: #cc6600; font-size: 12pt;\"><strong>\u00a0<\/strong><\/span>PROFESORADO DE EDUCACI\u00d3N PRIMARIA<\/p>\n<p><img decoding=\"async\" loading=\"lazy\" class=\"alignnone size-medium wp-image-887\" src=\"https:\/\/isfd133-bue.infd.edu.ar\/sitio\/wp-content\/uploads\/2019\/03\/prof-primaria-1000x662.png\" alt=\"\" width=\"1000\" height=\"662\" srcset=\"https:\/\/isfd133-bue.infd.edu.ar\/sitio\/wp-content\/uploads\/2019\/03\/prof-primaria-1000x662.png 1000w, https:\/\/isfd133-bue.infd.edu.ar\/sitio\/wp-content\/uploads\/2019\/03\/prof-primaria-768x509.png 768w, https:\/\/isfd133-bue.infd.edu.ar\/sitio\/wp-content\/uploads\/2019\/03\/prof-primaria.png 1407w\" sizes=\"(max-width: 1000px) 100vw, 1000px\" \/><\/p>\n<p>TECNICATURA SUPERIOR EN ENFERMER\u00cdA<\/p>\n<p><img decoding=\"async\" loading=\"lazy\" class=\"alignnone size-medium wp-image-888\" src=\"https:\/\/isfd133-bue.infd.edu.ar\/sitio\/wp-content\/uploads\/2019\/03\/prof-enfermeria-1000x705.png\" alt=\"\" width=\"1000\" height=\"705\" srcset=\"https:\/\/isfd133-bue.infd.edu.ar\/sitio\/wp-content\/uploads\/2019\/03\/prof-enfermeria-1000x705.png 1000w, https:\/\/isfd133-bue.infd.edu.ar\/sitio\/wp-content\/uploads\/2019\/03\/prof-enfermeria-768x541.png 768w, https:\/\/isfd133-bue.infd.edu.ar\/sitio\/wp-content\/uploads\/2019\/03\/prof-enfermeria.png 1383w\" sizes=\"(max-width: 1000px) 100vw, 1000px\" \/><\/p>\n<p>TECNICATURA SUPERIOR EN ADMINISTRACI\u00d3N GENERAL<\/p>\n<p><img decoding=\"async\" loading=\"lazy\" class=\"alignnone size-medium wp-image-889\" src=\"https:\/\/isfd133-bue.infd.edu.ar\/sitio\/wp-content\/uploads\/2019\/03\/prof-administracion-1000x674.png\" alt=\"\" width=\"1000\" height=\"674\" srcset=\"https:\/\/isfd133-bue.infd.edu.ar\/sitio\/wp-content\/uploads\/2019\/03\/prof-administracion-1000x674.png 1000w, https:\/\/isfd133-bue.infd.edu.ar\/sitio\/wp-content\/uploads\/2019\/03\/prof-administracion-768x518.png 768w, https:\/\/isfd133-bue.infd.edu.ar\/sitio\/wp-content\/uploads\/2019\/03\/prof-administracion.png 1418w\" sizes=\"(max-width: 1000px) 100vw, 1000px\" \/><\/p>\n","protected":false},"excerpt":{"rendered":"<p>\u00a0PROFESORADO DE EDUCACI\u00d3N PRIMARIA TECNICATURA SUPERIOR EN ENFERMER\u00cdA TECNICATURA SUPERIOR EN ADMINISTRACI\u00d3N GENERAL<\/p>\n","protected":false},"author":243,"featured_media":0,"parent":0,"menu_order":0,"comment_status":"closed","ping_status":"closed","template":"","meta":[],"acf":[],"_links":{"self":[{"href":"https:\/\/isfd133-bue.infd.edu.ar\/sitio\/wp-json\/wp\/v2\/pages\/777"}],"collection":[{"href":"https:\/\/isfd133-bue.infd.edu.ar\/sitio\/wp-json\/wp\/v2\/pages"}],"about":[{"href":"https:\/\/isfd133-bue.infd.edu.ar\/sitio\/wp-json\/wp\/v2\/types\/page"}],"author":[{"embeddable":true,"href":"https:\/\/isfd133-bue.infd.edu.ar\/sitio\/wp-json\/wp\/v2\/users\/243"}],"replies":[{"embeddable":true,"href":"https:\/\/isfd133-bue.infd.edu.ar\/sitio\/wp-json\/wp\/v2\/comments?post=777"}],"version-history":[{"count":2,"href":"https:\/\/isfd133-bue.infd.edu.ar\/sitio\/wp-json\/wp\/v2\/pages\/777\/revisions"}],"predecessor-version":[{"id":890,"href":"https:\/\/isfd133-bue.infd.edu.ar\/sitio\/wp-json\/wp\/v2\/pages\/777\/revisions\/890"}],"wp:attachment":[{"href":"https:\/\/isfd133-bue.infd.edu.ar\/sitio\/wp-json\/wp\/v2\/media?parent=777"}],"curies":[{"name":"wp","href":"https:\/\/api.w.org\/{rel}","templated":true}]}}