{"id":788,"date":"2018-08-29T16:54:47","date_gmt":"2018-08-29T19:54:47","guid":{"rendered":"https:\/\/isfd133-bue.infd.edu.ar\/sitio\/calendario-academico\/"},"modified":"2026-05-05T00:30:34","modified_gmt":"2026-05-05T03:30:34","slug":"calendario-academico","status":"publish","type":"page","link":"https:\/\/isfd133-bue.infd.edu.ar\/sitio\/calendario-academico\/","title":{"rendered":"Calendario Acad\u00e9mico"},"content":{"rendered":"<p><span style=\"font-family: verdana,geneva; font-size: 10pt;\"><strong><img decoding=\"async\" src=\"https:\/\/isfd133-bue.infd.edu.ar\/sitio\/wp-content\/uploads\/2018\/08\/almanaque.bmp\" alt=\"Almanaque\" border=\"0\" \/><\/strong><\/span><\/p>\n<p><span style=\"font-family: verdana,geneva; font-size: 10pt;\"><strong>Calendario acad\u00e9mico 2026<\/strong><\/span><\/p>\n<table style=\"border: 1px solid #5090b0; width: 996px; height: 468px;\" border=\"1\" cellspacing=\"0\" cellpadding=\"0\" align=\"center\">\n<tbody>\n<tr align=\"center\" valign=\"middle\">\n<td style=\"width: 45%; height: 20px; background-color: #ddeaf0; border: 1px solid #5090b0;\" align=\"center\" valign=\"middle\"><span style=\"font-size: 10pt;\"><span style=\"font-family: verdana,geneva;\"><span style=\"color: #3e748e;\"><strong>Primer Turno de Evaluaci\u00f3n Final<\/strong><\/span><\/span><\/span><\/td>\n<\/tr>\n<tr align=\"center\" valign=\"middle\">\n<td style=\"width: 45%; height: 20px; border: 1px solid #5090b0;\" align=\"center\" valign=\"middle\">16\/02 al 06\/03<\/td>\n<\/tr>\n<tr>\n<td style=\"width: 45%; height: 20px; background-color: #ddeaf0; border: 1px solid #5090b0;\" align=\"center\" valign=\"middle\"><span style=\"font-size: 10pt;\"><span style=\"font-family: verdana,geneva;\"><span style=\"color: #3e748e;\"><strong>Inicio de Clases<\/strong><\/span><\/span><\/span><\/td>\n<\/tr>\n<tr>\n<td style=\"width: 45%; height: 20px; border: 1px solid #5090b0;\" align=\"center\" valign=\"middle\">16\/03\/2026<\/td>\n<\/tr>\n<tr>\n<td style=\"width: 45%; height: 20px; background-color: #ddeaf0; border: 1px solid #5090b0;\" align=\"center\" valign=\"middle\"><span style=\"font-size: 10pt;\"><span style=\"font-family: verdana,geneva;\"><span style=\"color: #3e748e;\"><strong>Receso invernal<\/strong><\/span><\/span><\/span><\/td>\n<\/tr>\n<tr>\n<td style=\"width: 45%; height: 20px; border: 1px solid #5090b0;\" align=\"center\" valign=\"middle\"><span style=\"font-family: verdana,geneva; font-size: 10pt;\">20\/07 al 31\/07\u00a0<\/span><\/td>\n<\/tr>\n<tr>\n<td style=\"width: 45%; height: 20px; background-color: #ddeaf0; border: 1px solid #5090b0;\" align=\"center\" valign=\"middle\"><span style=\"font-size: 10pt;\"><span style=\"font-family: verdana,geneva;\"><span style=\"color: #3e748e;\"><strong>Segundo Turno de Evaluaci\u00f3n Final<\/strong><\/span><\/span><\/span><\/td>\n<\/tr>\n<tr>\n<td style=\"width: 45%; height: 20px; border: 1px solid #5090b0;\" align=\"center\" valign=\"middle\"><span style=\"font-family: verdana,geneva; font-size: 10pt;\">04\/08 al 15\/08<\/span><\/td>\n<\/tr>\n<tr>\n<td style=\"width: 45%; height: 20px; background-color: #ddeaf0; border: 1px solid #5090b0;\" align=\"center\" valign=\"middle\"><span style=\"font-size: 10pt;\"><span style=\"font-family: verdana,geneva;\"><span style=\"color: #3e748e;\"><strong>Finalizaci\u00f3n de Clases<\/strong><\/span><\/span><\/span><\/td>\n<\/tr>\n<tr>\n<td style=\"width: 45%; height: 20px; border: 1px solid #5090b0;\" align=\"center\" valign=\"middle\"><span style=\"font-family: verdana,geneva; font-size: 10pt;\">27\/11\/2026<\/span><\/td>\n<\/tr>\n<tr>\n<td style=\"width: 45%; height: 20px; background-color: #ddeaf0; border: 1px solid #5090b0;\" align=\"center\" valign=\"middle\"><span style=\"font-size: 10pt;\"><span style=\"font-family: verdana,geneva;\"><span style=\"color: #3e748e;\"><strong>Tercer Turno de Evaluaci\u00f3n Final<\/strong><\/span><\/span><\/span><\/td>\n<\/tr>\n<tr>\n<td style=\"width: 45%; height: 20px; border: 1px solid #5090b0;\" align=\"center\" valign=\"middle\"><span style=\"font-family: verdana,geneva; font-size: 10pt;\">30\/11 al 23\/12\u00a0<\/span><\/td>\n<\/tr>\n<\/tbody>\n<\/table>\n\n\n<p>Turnos extraordinarios de acreditaci\u00f3n con instancia de evaluaci\u00f3n final en el mes de mayo o septiembre, sin suspensi\u00f3n de actividades acad\u00e9micas, solo para aquellas\/os estudiantes que adeuden la \u00faltima unidad curricular del Profesorado o Tecnicatura y realicen la solicitud a trav\u00e9s de los mecanismos definidos institucionalmente.<\/p>\n","protected":false},"excerpt":{"rendered":"<p>Calendario acad\u00e9mico 2026 Primer Turno de Evaluaci\u00f3n Final 16\/02 al 06\/03 Inicio de Clases 16\/03\/2026 Receso invernal 20\/07 al 31\/07\u00a0 Segundo Turno de Evaluaci\u00f3n Final 04\/08 al 15\/08 Finalizaci\u00f3n de Clases 27\/11\/2026 Tercer Turno de Evaluaci\u00f3n Final 30\/11 al 23\/12\u00a0 Turnos extraordinarios de acreditaci\u00f3n con instancia de evaluaci\u00f3n final en el mes de mayo o &#8230; <a title=\"Calendario Acad\u00e9mico\" class=\"read-more\" href=\"https:\/\/isfd133-bue.infd.edu.ar\/sitio\/calendario-academico\/\" aria-label=\"More on Calendario Acad\u00e9mico\">[+]<\/a><\/p>\n","protected":false},"author":243,"featured_media":0,"parent":0,"menu_order":0,"comment_status":"closed","ping_status":"closed","template":"","meta":[],"acf":[],"_links":{"self":[{"href":"https:\/\/isfd133-bue.infd.edu.ar\/sitio\/wp-json\/wp\/v2\/pages\/788"}],"collection":[{"href":"https:\/\/isfd133-bue.infd.edu.ar\/sitio\/wp-json\/wp\/v2\/pages"}],"about":[{"href":"https:\/\/isfd133-bue.infd.edu.ar\/sitio\/wp-json\/wp\/v2\/types\/page"}],"author":[{"embeddable":true,"href":"https:\/\/isfd133-bue.infd.edu.ar\/sitio\/wp-json\/wp\/v2\/users\/243"}],"replies":[{"embeddable":true,"href":"https:\/\/isfd133-bue.infd.edu.ar\/sitio\/wp-json\/wp\/v2\/comments?post=788"}],"version-history":[{"count":2,"href":"https:\/\/isfd133-bue.infd.edu.ar\/sitio\/wp-json\/wp\/v2\/pages\/788\/revisions"}],"predecessor-version":[{"id":1727,"href":"https:\/\/isfd133-bue.infd.edu.ar\/sitio\/wp-json\/wp\/v2\/pages\/788\/revisions\/1727"}],"wp:attachment":[{"href":"https:\/\/isfd133-bue.infd.edu.ar\/sitio\/wp-json\/wp\/v2\/media?parent=788"}],"curies":[{"name":"wp","href":"https:\/\/api.w.org\/{rel}","templated":true}]}}