{"id":854,"date":"2019-03-12T22:38:14","date_gmt":"2019-03-13T01:38:14","guid":{"rendered":"https:\/\/isfd133-bue.infd.edu.ar\/sitio\/?page_id=854"},"modified":"2026-05-04T17:04:40","modified_gmt":"2026-05-04T20:04:40","slug":"carreras","status":"publish","type":"page","link":"https:\/\/isfd133-bue.infd.edu.ar\/sitio\/carreras\/","title":{"rendered":"CARRERAS"},"content":{"rendered":"<p>Carreras disponibles durante el ciclo lectivo 2026<\/p>\n<p><u><b>FORMACI\u00d3N DOCENTE<\/b><\/u><\/p>\n<p><em>Profesorado de Educaci\u00f3n Primaria \u2013 RM 4154\/07<\/em><\/p>\n<p>1\u00b0 A\u00f1o<\/p>\n<p>2\u00b0 A\u00f1o<\/p>\n<p>3\u00b0 A\u00f1o<\/p>\n<p>4\u00b0 A\u00f1o<\/p>\n<p><em>Profesorado de Educaci\u00f3n Inicial \u2013 RM 4154\/07<\/em><\/p>\n<p>1\u00b0 A\u00f1o<\/p>\n<p><u><b>FORMACI\u00d3N T\u00c9CNICA<\/b><\/u><\/p>\n<p><em>Tecnicatura Superior en Enfermer\u00eda \u2013 RM 854\/16<\/em><\/p>\n<p>1\u00b0 A\u00f1o<\/p>\n<p>3\u00b0 A\u00f1o<\/p>\n<p><em>Tecnicatura Superior en Trabajo Social \u2013 RM 1666\/06<\/em><\/p>\n<p>2\u00b0 A\u00f1o<\/p>\n<p><em>Tecnicatura Superior en Laboratorio de An\u00e1lisis Cl\u00ednicos \u2013 RM 205\/18<\/em><\/p>\n<p>2\u00b0 A\u00f1o<\/p>\n<p>Tecnicatura Superior en Acompa\u00f1amiento Terap\u00e9utico &#8211; <em>RM 1221\/15<\/em><\/p>\n<p><u><b>POST\u00cdTULOS<\/b><\/u><\/p>\n<p><em>Certificaci\u00f3n Superior: Especializaci\u00f3n en Enfermer\u00eda en Salud Mental \u2013 R. M . 43\/17<\/em><\/p>\n<p>1\u00b0 A\u00f1o<\/p>\n","protected":false},"excerpt":{"rendered":"<p>Carreras disponibles durante el ciclo lectivo 2026 FORMACI\u00d3N DOCENTE Profesorado de Educaci\u00f3n Primaria \u2013 RM 4154\/07 1\u00b0 A\u00f1o 2\u00b0 A\u00f1o 3\u00b0 A\u00f1o 4\u00b0 A\u00f1o Profesorado de Educaci\u00f3n Inicial \u2013 RM 4154\/07 1\u00b0 A\u00f1o FORMACI\u00d3N T\u00c9CNICA Tecnicatura Superior en Enfermer\u00eda \u2013 RM 854\/16 1\u00b0 A\u00f1o 3\u00b0 A\u00f1o Tecnicatura Superior en Trabajo Social \u2013 RM 1666\/06 2\u00b0 &#8230; <a title=\"CARRERAS\" class=\"read-more\" href=\"https:\/\/isfd133-bue.infd.edu.ar\/sitio\/carreras\/\" aria-label=\"More on CARRERAS\">[+]<\/a><\/p>\n","protected":false},"author":177,"featured_media":0,"parent":0,"menu_order":0,"comment_status":"closed","ping_status":"closed","template":"","meta":[],"acf":[],"_links":{"self":[{"href":"https:\/\/isfd133-bue.infd.edu.ar\/sitio\/wp-json\/wp\/v2\/pages\/854"}],"collection":[{"href":"https:\/\/isfd133-bue.infd.edu.ar\/sitio\/wp-json\/wp\/v2\/pages"}],"about":[{"href":"https:\/\/isfd133-bue.infd.edu.ar\/sitio\/wp-json\/wp\/v2\/types\/page"}],"author":[{"embeddable":true,"href":"https:\/\/isfd133-bue.infd.edu.ar\/sitio\/wp-json\/wp\/v2\/users\/177"}],"replies":[{"embeddable":true,"href":"https:\/\/isfd133-bue.infd.edu.ar\/sitio\/wp-json\/wp\/v2\/comments?post=854"}],"version-history":[{"count":3,"href":"https:\/\/isfd133-bue.infd.edu.ar\/sitio\/wp-json\/wp\/v2\/pages\/854\/revisions"}],"predecessor-version":[{"id":1643,"href":"https:\/\/isfd133-bue.infd.edu.ar\/sitio\/wp-json\/wp\/v2\/pages\/854\/revisions\/1643"}],"wp:attachment":[{"href":"https:\/\/isfd133-bue.infd.edu.ar\/sitio\/wp-json\/wp\/v2\/media?parent=854"}],"curies":[{"name":"wp","href":"https:\/\/api.w.org\/{rel}","templated":true}]}}