{"id":865,"date":"2019-03-12T23:12:20","date_gmt":"2019-03-13T02:12:20","guid":{"rendered":"https:\/\/isfd133-bue.infd.edu.ar\/sitio\/?page_id=865"},"modified":"2022-08-31T17:20:10","modified_gmt":"2022-08-31T20:20:10","slug":"centro-de-estudiantes","status":"publish","type":"page","link":"https:\/\/isfd133-bue.infd.edu.ar\/sitio\/centro-de-estudiantes\/","title":{"rendered":"Centro de Estudiantes"},"content":{"rendered":"\n<p>El centro de estudiantes es el lugar para que puedas hacer valer tus derechos como integrante de la comunidad educativa.<\/p>\n\n\n\n<p>Ley 26.877<\/p>\n\n\n\n<h5 class=\"wp-block-heading\">\u00bfQu\u00e9 es un centro de estudiantes?<\/h5>\n\n\n\n<p>Es un \u00f3rgano democr\u00e1tico de representaci\u00f3n de las y los estudiantes.<br>Es una organizaci\u00f3n formada por alumnos y alumnas de establecimientos educativos para defender sus derechos. Tambi\u00e9n fomenta la participaci\u00f3n joven dentro y fuera de la escuela.<\/p>\n\n\n\n<h5 class=\"wp-block-heading\">\u00bfD\u00f3nde funcionan?<\/h5>\n\n\n\n<p>Funcionan en instituciones educativas p\u00fablicas: escuelas secundarias, institutos de educaci\u00f3n superior, instituciones para adultos y de formaci\u00f3n profesional.<\/p>\n\n\n\n<h5 class=\"wp-block-heading\">\u00bfPara qu\u00e9 sirven?<\/h5>\n\n\n\n<p>Sirven para:<\/p>\n\n\n\n<ul><li>Formar a las y los estudiantes en las pr\u00e1cticas democr\u00e1ticas, republicanas y federales.<\/li><li>Defender los derechos humanos.<\/li><li>Defender el derecho a aprender.<\/li><li>Afianzar el derecho a la libre expresi\u00f3n.<\/li><li>Reconocer a la educaci\u00f3n p\u00fablica como un derecho.<\/li><li>Contribuir a mejorar la calidad de la educaci\u00f3n.<\/li><li>Promover la participaci\u00f3n en los problemas educativos.<\/li><li>Gestionar ante las autoridades los pedidos y necesidades de alumnos y alumnas.<\/li><li>Insertar a los estudiantes en la sociedad a trav\u00e9s de acciones que beneficien a la comunidad.<\/li><\/ul>\n\n\n\n<h5 class=\"wp-block-heading\">\u00bfQui\u00e9nes forman parte de un centro de estudiantes?<\/h5>\n\n\n\n<p>Todos los estudiantes regulares de una instituci\u00f3n educativa tienen derecho a participar en el centro de estudiantes.<\/p>\n\n\n\n<p>El Centro no le pertenece a ning\u00fan estudiante ni grupo de estudiantes porque es una asociaci\u00f3n p\u00fablica, que representa a todos los j\u00f3venes que van a la escuela.<\/p>\n\n\n\n<h3 class=\"wp-block-heading\" id=\"titulo-2\">Organizaci\u00f3n<\/h3>\n\n\n\n<h5 class=\"wp-block-heading\">\u00bfC\u00f3mo funcionan los centros de estudiantes?<\/h5>\n\n\n\n<p>Deben tener un estatuto que fije, entre otras cosas, los objetivos del centro de estudiantes, sus funciones, forma de votaci\u00f3n, integraci\u00f3n de la comisi\u00f3n directiva, secretar\u00edas, comisiones, etc.<\/p>\n\n\n\n<p>El Estatuto es el documento que le da car\u00e1cter formal al Centro.<\/p>\n\n\n\n<h5 class=\"wp-block-heading\">\u00bfQu\u00e9 actividades pueden hacer los centros de estudiantes?<\/h5>\n\n\n\n<ul><li>Art\u00edsticas: funciones de cine, exposiciones, espect\u00e1culos musicales.<\/li><li>Recreativas: organizar salidas, viajes, visitas guiadas.<\/li><li>Educativas: intercambio de libros o apuntes.<\/li><li>Solidarias: apadrinar una escuela rural, ayudar a centros de jubilados.<\/li><li>Deportivas: organizar campeonatos de f\u00fatbol o de v\u00f3ley.<\/li><li>Tambi\u00e9n pueden organizar debates, conferencias, publicaciones de revistas, folletos, etc.<\/li><\/ul>\n\n\n\n<h5 class=\"wp-block-heading\">\u00bfC\u00f3mo est\u00e1n formados?<\/h5>\n\n\n\n<p>Pueden formarse de distintas maneras. Por ejemplo, pueden tener:<\/p>\n\n\n\n<ul><li>Delegados y delegadas por curso: elegidos por estudiantes de cada divisi\u00f3n.<\/li><li>Asamblea: es el \u00f3rgano m\u00e1ximo donde participan todos los alumnos y alumnas del colegio o escuela. En la asamblea se discuten los problemas, se informan las actividades del centro, se coordinan acciones y los delegados y delegadas llevan las inquietudes de cada aula.<\/li><li>Comisiones de trabajo: pueden dividirse en distintas comisiones para las distintas actividades (Cultura, Deportes, Difusi\u00f3n, etc.).<\/li><li>Comisi\u00f3n Directiva: formada por presidente o presidenta, vicepresidente o vicepresidenta, secretario o secretaria, tesorero o tesorera y vocales. Los alumnos y alumnas eligen a los miembros de la Comisi\u00f3n. Su funci\u00f3n es representarlos y coordinar actividades.<\/li><\/ul>\n\n\n\n<h5 class=\"wp-block-heading\">\u00bfLos centros de estudiantes sirven para hacer pol\u00edtica?<\/h5>\n\n\n\n<p>La palabra \u201cpol\u00edtica\u201d significa ocuparse de los asuntos p\u00fablicos, es decir, participar, formar parte de un conjunto social.<\/p>\n\n\n\n<p>En este sentido, un centro de estudiantes es algo pol\u00edtico, lo que no quiere decir que deba pertenecer o representar a un partido pol\u00edtico ni que su acci\u00f3n se limite a la protesta.<\/p>\n\n\n\n<p>Es una organizaci\u00f3n que permite el ejercicio de la democracia.<\/p>\n\n\n\n<figure class=\"wp-block-embed\"><div class=\"wp-block-embed__wrapper\">\nhttps:\/\/www.argentina.gob.ar\/justicia\/derechofacil\/leysimple\/centros-de-estudiantes#titulo-2\n<\/div><\/figure>\n\n\n\n<p><\/p>\n","protected":false},"excerpt":{"rendered":"<p>El centro de estudiantes es el lugar para que puedas hacer valer tus derechos como integrante de la comunidad educativa. Ley 26.877 \u00bfQu\u00e9 es un centro de estudiantes? Es un \u00f3rgano democr\u00e1tico de representaci\u00f3n de las y los estudiantes.Es una organizaci\u00f3n formada por alumnos y alumnas de establecimientos educativos para defender sus derechos. Tambi\u00e9n fomenta &#8230; <a title=\"Centro de Estudiantes\" class=\"read-more\" href=\"https:\/\/isfd133-bue.infd.edu.ar\/sitio\/centro-de-estudiantes\/\" aria-label=\"More on Centro de Estudiantes\">[+]<\/a><\/p>\n","protected":false},"author":51,"featured_media":0,"parent":0,"menu_order":0,"comment_status":"closed","ping_status":"closed","template":"","meta":[],"acf":[],"_links":{"self":[{"href":"https:\/\/isfd133-bue.infd.edu.ar\/sitio\/wp-json\/wp\/v2\/pages\/865"}],"collection":[{"href":"https:\/\/isfd133-bue.infd.edu.ar\/sitio\/wp-json\/wp\/v2\/pages"}],"about":[{"href":"https:\/\/isfd133-bue.infd.edu.ar\/sitio\/wp-json\/wp\/v2\/types\/page"}],"author":[{"embeddable":true,"href":"https:\/\/isfd133-bue.infd.edu.ar\/sitio\/wp-json\/wp\/v2\/users\/51"}],"replies":[{"embeddable":true,"href":"https:\/\/isfd133-bue.infd.edu.ar\/sitio\/wp-json\/wp\/v2\/comments?post=865"}],"version-history":[{"count":2,"href":"https:\/\/isfd133-bue.infd.edu.ar\/sitio\/wp-json\/wp\/v2\/pages\/865\/revisions"}],"predecessor-version":[{"id":1595,"href":"https:\/\/isfd133-bue.infd.edu.ar\/sitio\/wp-json\/wp\/v2\/pages\/865\/revisions\/1595"}],"wp:attachment":[{"href":"https:\/\/isfd133-bue.infd.edu.ar\/sitio\/wp-json\/wp\/v2\/media?parent=865"}],"curies":[{"name":"wp","href":"https:\/\/api.w.org\/{rel}","templated":true}]}}