{"id":951,"date":"2019-03-13T02:38:53","date_gmt":"2019-03-13T05:38:53","guid":{"rendered":"https:\/\/isfd133-bue.infd.edu.ar\/sitio\/?page_id=951"},"modified":"2019-07-05T16:35:30","modified_gmt":"2019-07-05T19:35:30","slug":"materias-correlativas-2","status":"publish","type":"page","link":"https:\/\/isfd133-bue.infd.edu.ar\/sitio\/materias-correlativas-2\/","title":{"rendered":"Materias Correlativas Primaria"},"content":{"rendered":"<p><b>CORRELATIVIDADES DEL PROFESORADO DE EDUCACI\u00d3N\u00a0PRIMARIA<\/b><\/p>\n<p><strong>\u00a0<\/strong><\/p>\n<table>\n<tbody>\n<tr>\n<td colspan=\"2\" width=\"576\"><strong>2\u00ba A\u00d1O<\/strong><\/td>\n<\/tr>\n<tr>\n<td width=\"288\"><strong>PARA CURSAR<\/strong><\/td>\n<td width=\"288\"><strong>SE REQUIERE TENER APROBADA<\/strong><\/td>\n<\/tr>\n<tr>\n<td width=\"288\">Psicolog\u00eda del Desarrollo y el Aprendizaje II<\/td>\n<td width=\"288\">Psicolog\u00eda del Desarrollo y el Aprendizaje I<\/td>\n<\/tr>\n<tr>\n<td width=\"288\">Psicolog\u00eda Social e Institucional<\/td>\n<td width=\"288\">_________<\/td>\n<\/tr>\n<tr>\n<td width=\"288\">Cultura, Comunicaci\u00f3n y Educaci\u00f3n<\/td>\n<td width=\"288\">_________<\/td>\n<\/tr>\n<tr>\n<td width=\"288\">Campo de la Pr\u00e1ctica Docente II<\/td>\n<td width=\"288\">Campo de la Pr\u00e1ctica Docente I<\/td>\n<\/tr>\n<tr>\n<td width=\"288\">Educaci\u00f3n Art\u00edstica<\/td>\n<td width=\"288\">_________<\/td>\n<\/tr>\n<tr>\n<td width=\"288\">Did\u00e1ctica de Pr\u00e1cticas del Lenguaje y la Literatura I<\/td>\n<td width=\"288\">_________<\/td>\n<\/tr>\n<tr>\n<td width=\"288\">Did\u00e1ctica de las Ciencias Sociales I<\/td>\n<td width=\"288\">_________<\/td>\n<\/tr>\n<tr>\n<td width=\"288\">Did\u00e1ctica de las Ciencias Naturales I<\/td>\n<td width=\"288\">_________<\/td>\n<\/tr>\n<tr>\n<td width=\"288\">Did\u00e1ctica de la Matem\u00e1tica I<\/td>\n<td width=\"288\">_________<\/td>\n<\/tr>\n<tr>\n<td width=\"288\">Teor\u00edas Sociopol\u00edticas y Educaci\u00f3n<\/td>\n<td width=\"288\">_________<\/td>\n<\/tr>\n<tr>\n<td width=\"288\">Did\u00e1ctica y Curriculum del Nivel Primario<\/td>\n<td width=\"288\">Did\u00e1ctica General<\/td>\n<\/tr>\n<tr>\n<td colspan=\"2\" width=\"576\"><strong>3\u00ba A\u00d1O<\/strong><\/td>\n<\/tr>\n<tr>\n<td width=\"288\">Configuraciones culturales del sujeto educativo de primaria<\/td>\n<td width=\"288\">Psicolog\u00eda Social e Institucional<\/td>\n<\/tr>\n<tr>\n<td width=\"288\">Medios audiovisuales, TIC\u00b4s y Educaci\u00f3n<\/td>\n<td width=\"288\">_________<\/td>\n<\/tr>\n<tr>\n<td width=\"288\">Educaci\u00f3n F\u00edsica Escolar<\/td>\n<td width=\"288\">_________<\/td>\n<\/tr>\n<tr>\n<td width=\"288\">Did\u00e1ctica de Ciencias Sociales II<\/td>\n<td width=\"288\">Did\u00e1ctica de las Ciencias Sociales I<\/td>\n<\/tr>\n<tr>\n<td width=\"288\">Did\u00e1ctica de Ciencias Naturales II<\/td>\n<td width=\"288\">Did\u00e1ctica de las Ciencias Naturales I<\/td>\n<\/tr>\n<tr>\n<td width=\"288\">Did\u00e1ctica de Pr\u00e1cticas del Lenguaje y la Literatura II<\/td>\n<td width=\"288\">Did\u00e1ctica de Pr\u00e1cticas del Lenguaje y la Literatura I<\/td>\n<\/tr>\n<tr>\n<td width=\"288\">\u00a0Did\u00e1ctica de la Matem\u00e1tica II<\/td>\n<td width=\"288\">Did\u00e1ctica de la Matem\u00e1tica I<\/td>\n<\/tr>\n<tr>\n<td width=\"288\">Historia y Prospectiva de la Educaci\u00f3n<\/td>\n<td width=\"288\">__________<\/td>\n<\/tr>\n<tr>\n<td width=\"288\">Pol\u00edticas, Legislaci\u00f3n y Administraci\u00f3n del Trabajo Escolar<\/td>\n<td width=\"288\">__________<\/td>\n<\/tr>\n<tr>\n<td width=\"288\">Campo de la Pr\u00e1ctica Docente III<\/td>\n<td width=\"288\">Campo de la Pr\u00e1ctica Docente II<\/p>\n<p>Did\u00e1ctica de las pr\u00e1cticas del Lenguaje y la Literatura I<\/p>\n<p>Did\u00e1ctica de las Ciencias Sociales I<\/p>\n<p>Did\u00e1ctica de las Ciencias Naturales I<\/p>\n<p>Did\u00e1ctica de la Matem\u00e1tica I<\/p>\n<p>Did\u00e1ctica y Curriculum del Nivel Primario<\/td>\n<\/tr>\n<tr>\n<td colspan=\"2\" width=\"576\"><strong>4\u00ba A\u00d1O<\/strong><\/td>\n<\/tr>\n<tr>\n<td width=\"288\">Pedagog\u00eda cr\u00edtica de las diferencias<\/td>\n<td width=\"288\">_________<\/td>\n<\/tr>\n<tr>\n<td width=\"288\">Ateneo de Pr\u00e1cticas del Lenguaje y la Literatura<\/td>\n<td width=\"288\">Did\u00e1ctica de Pr\u00e1cticas del Lenguaje y la Literatura II<\/td>\n<\/tr>\n<tr>\n<td width=\"288\">Ateneo de Matem\u00e1tica<\/td>\n<td width=\"288\">Did\u00e1ctica de la Matem\u00e1tica II<\/td>\n<\/tr>\n<tr>\n<td width=\"288\">Ateneo de Ciencias Sociales<\/td>\n<td width=\"288\">Did\u00e1ctica de Ciencias Sociales II<\/td>\n<\/tr>\n<tr>\n<td width=\"288\">Ateneo de Ciencias Naturales<\/td>\n<td width=\"288\">Did\u00e1ctica de Ciencias Naturales II<\/td>\n<\/tr>\n<tr>\n<td width=\"288\">Reflexi\u00f3n filos\u00f3fica de la Educaci\u00f3n<\/td>\n<td width=\"288\">Filosof\u00eda<\/p>\n<p>Pedagog\u00eda<\/td>\n<\/tr>\n<tr>\n<td width=\"288\">Dimensi\u00f3n \u00e9tico pol\u00edtica de la praxis docente<\/td>\n<td width=\"288\">Teor\u00edas Sociopol\u00edticas y Educaci\u00f3n<\/td>\n<\/tr>\n<tr>\n<td width=\"288\">Campo de la Pr\u00e1ctica Docente IV<\/td>\n<td width=\"288\">Campo de la Pr\u00e1ctica Docente III<\/p>\n<p>Did\u00e1ctica de Ciencias Sociales II<\/p>\n<p>Did\u00e1ctica de Ciencias Naturales II<\/p>\n<p>Did\u00e1ctica de Pr\u00e1cticas del Lenguaje y la Literatura II<\/p>\n<p>Did\u00e1ctica de Matem\u00e1tica II<\/td>\n<\/tr>\n<\/tbody>\n<\/table>\n<p>&nbsp;<\/p>\n<p><strong>OBSERVACIONES<\/strong>: El Campo de Actualizaci\u00f3n Formativa ser\u00e1 acreditado por Promoci\u00f3n sin examen final.<\/p>\n<p>&nbsp;<\/p>\n","protected":false},"excerpt":{"rendered":"<p>CORRELATIVIDADES DEL PROFESORADO DE EDUCACI\u00d3N\u00a0PRIMARIA \u00a0 2\u00ba A\u00d1O PARA CURSAR SE REQUIERE TENER APROBADA Psicolog\u00eda del Desarrollo y el Aprendizaje II Psicolog\u00eda del Desarrollo y el Aprendizaje I Psicolog\u00eda Social e Institucional _________ Cultura, Comunicaci\u00f3n y Educaci\u00f3n _________ Campo de la Pr\u00e1ctica Docente II Campo de la Pr\u00e1ctica Docente I Educaci\u00f3n Art\u00edstica _________ Did\u00e1ctica de &#8230; <a title=\"Materias Correlativas Primaria\" class=\"read-more\" href=\"https:\/\/isfd133-bue.infd.edu.ar\/sitio\/materias-correlativas-2\/\" aria-label=\"More on Materias Correlativas Primaria\">[+]<\/a><\/p>\n","protected":false},"author":51,"featured_media":0,"parent":0,"menu_order":0,"comment_status":"closed","ping_status":"closed","template":"","meta":[],"acf":[],"_links":{"self":[{"href":"https:\/\/isfd133-bue.infd.edu.ar\/sitio\/wp-json\/wp\/v2\/pages\/951"}],"collection":[{"href":"https:\/\/isfd133-bue.infd.edu.ar\/sitio\/wp-json\/wp\/v2\/pages"}],"about":[{"href":"https:\/\/isfd133-bue.infd.edu.ar\/sitio\/wp-json\/wp\/v2\/types\/page"}],"author":[{"embeddable":true,"href":"https:\/\/isfd133-bue.infd.edu.ar\/sitio\/wp-json\/wp\/v2\/users\/51"}],"replies":[{"embeddable":true,"href":"https:\/\/isfd133-bue.infd.edu.ar\/sitio\/wp-json\/wp\/v2\/comments?post=951"}],"version-history":[{"count":2,"href":"https:\/\/isfd133-bue.infd.edu.ar\/sitio\/wp-json\/wp\/v2\/pages\/951\/revisions"}],"predecessor-version":[{"id":1130,"href":"https:\/\/isfd133-bue.infd.edu.ar\/sitio\/wp-json\/wp\/v2\/pages\/951\/revisions\/1130"}],"wp:attachment":[{"href":"https:\/\/isfd133-bue.infd.edu.ar\/sitio\/wp-json\/wp\/v2\/media?parent=951"}],"curies":[{"name":"wp","href":"https:\/\/api.w.org\/{rel}","templated":true}]}}