{"id":968,"date":"2019-03-13T12:28:51","date_gmt":"2019-03-13T15:28:51","guid":{"rendered":"https:\/\/isfd133-bue.infd.edu.ar\/sitio\/?page_id=968"},"modified":"2019-03-13T12:28:51","modified_gmt":"2019-03-13T15:28:51","slug":"calendario-electoral-2019","status":"publish","type":"page","link":"https:\/\/isfd133-bue.infd.edu.ar\/sitio\/calendario-electoral-2019\/","title":{"rendered":"Calendario Electoral 2019"},"content":{"rendered":"<table width=\"734\">\n<tbody>\n<tr>\n<td width=\"183\">\n<p style=\"text-align: center;\">Lunes 1 de Abril<\/p>\n<p style=\"text-align: center;\"><strong>Inicio de Cursada<\/strong><\/p>\n<\/td>\n<td style=\"text-align: center;\" width=\"183\">Viernes 19 de Abril<\/p>\n<p><strong>Elecci\u00f3n de Delegados<\/strong><\/td>\n<td style=\"text-align: center;\" width=\"183\">Lunes 29 de Abril<\/p>\n<p><strong>Constituci\u00f3n del CE provisorio y Junta Electoral 2019<\/strong><\/td>\n<td style=\"text-align: center;\" width=\"183\">Mi\u00e9rcoles 29 de Mayo<\/p>\n<p><strong>Elecci\u00f3n del\u00a0 CE 2019<\/strong><\/td>\n<\/tr>\n<tr>\n<td width=\"183\">\n<p style=\"text-align: center;\">Viernes 2 de Agosto<\/p>\n<p style=\"text-align: center;\"><strong>Publicaci\u00f3n del Padr\u00f3n Provisorio de Regulares<\/strong><\/p>\n<\/td>\n<td style=\"text-align: center;\" width=\"183\">Martes 27 de Agosto<\/p>\n<p><strong>Recepci\u00f3n y oficializaci\u00f3n de Listas de Candidatos<\/strong><\/td>\n<td style=\"text-align: center;\" width=\"183\">Viernes 30 de Agosto<\/p>\n<p><strong>Constituci\u00f3n de la Junta Electoral 2020<\/strong><\/td>\n<td width=\"183\">\n<p style=\"text-align: center;\">Viernes 6 de Septiembre<\/p>\n<p style=\"text-align: center;\"><strong>Presentaci\u00f3n de Propuestas Electorales<\/strong><\/p>\n<\/td>\n<\/tr>\n<tr>\n<td style=\"text-align: center;\" width=\"183\">Lunes 16 de Septiembre<\/p>\n<p><strong>Elecci\u00f3n del\u00a0 CE 2020<\/strong><\/td>\n<td style=\"text-align: center;\" width=\"183\"><\/td>\n<td width=\"183\"><\/td>\n<td width=\"183\"><\/td>\n<\/tr>\n<\/tbody>\n<\/table>\n","protected":false},"excerpt":{"rendered":"<p>Lunes 1 de Abril Inicio de Cursada Viernes 19 de Abril Elecci\u00f3n de Delegados Lunes 29 de Abril Constituci\u00f3n del CE provisorio y Junta Electoral 2019 Mi\u00e9rcoles 29 de Mayo Elecci\u00f3n del\u00a0 CE 2019 Viernes 2 de Agosto Publicaci\u00f3n del Padr\u00f3n Provisorio de Regulares Martes 27 de Agosto Recepci\u00f3n y oficializaci\u00f3n de Listas de Candidatos &#8230; <a title=\"Calendario Electoral 2019\" class=\"read-more\" href=\"https:\/\/isfd133-bue.infd.edu.ar\/sitio\/calendario-electoral-2019\/\" aria-label=\"More on Calendario Electoral 2019\">[+]<\/a><\/p>\n","protected":false},"author":51,"featured_media":0,"parent":0,"menu_order":0,"comment_status":"closed","ping_status":"closed","template":"","meta":[],"acf":[],"_links":{"self":[{"href":"https:\/\/isfd133-bue.infd.edu.ar\/sitio\/wp-json\/wp\/v2\/pages\/968"}],"collection":[{"href":"https:\/\/isfd133-bue.infd.edu.ar\/sitio\/wp-json\/wp\/v2\/pages"}],"about":[{"href":"https:\/\/isfd133-bue.infd.edu.ar\/sitio\/wp-json\/wp\/v2\/types\/page"}],"author":[{"embeddable":true,"href":"https:\/\/isfd133-bue.infd.edu.ar\/sitio\/wp-json\/wp\/v2\/users\/51"}],"replies":[{"embeddable":true,"href":"https:\/\/isfd133-bue.infd.edu.ar\/sitio\/wp-json\/wp\/v2\/comments?post=968"}],"version-history":[{"count":1,"href":"https:\/\/isfd133-bue.infd.edu.ar\/sitio\/wp-json\/wp\/v2\/pages\/968\/revisions"}],"predecessor-version":[{"id":969,"href":"https:\/\/isfd133-bue.infd.edu.ar\/sitio\/wp-json\/wp\/v2\/pages\/968\/revisions\/969"}],"wp:attachment":[{"href":"https:\/\/isfd133-bue.infd.edu.ar\/sitio\/wp-json\/wp\/v2\/media?parent=968"}],"curies":[{"name":"wp","href":"https:\/\/api.w.org\/{rel}","templated":true}]}}